{"id":2,"date":"2026-04-14T23:18:25","date_gmt":"2026-04-14T23:18:25","guid":{"rendered":"http:\/\/sonesencia.com\/?page_id=2"},"modified":"2026-04-15T01:24:11","modified_gmt":"2026-04-15T00:24:11","slug":"sample-page","status":"publish","type":"page","link":"https:\/\/sonesencia.com\/index.php\/sample-page\/","title":{"rendered":"Acerca de\u2026"},"content":{"rendered":"\n<p>Esta es una p\u00e1gina de ejemplo. Es diferente de una publicaci\u00f3n de blog porque se quedar\u00e1 en un solo lugar y aparecer\u00e1 en la navegaci\u00f3n de su sitio (en la mayor\u00eda de los temas). La mayor\u00eda de las personas comienzan con una p\u00e1gina Acerca de que les presenta a los visitantes potenciales del sitio. Podr\u00eda decir algo como esto:<\/p>\n\n\n\n<blockquote class=\"wp-block-quote is-layout-flow wp-block-quote-is-layout-flow\">\n<p>Hi there! I&#8217;m a bike messenger by day, aspiring actor by night, and this is my website. I live in Los Angeles, have a great dog named Jack, and I like pi\u00f1a coladas. (And gettin&#8217; caught in the rain.)<\/p>\n<\/blockquote>\n\n\n\n<p>&#8230;or something like this:<\/p>\n\n\n\n<blockquote class=\"wp-block-quote is-layout-flow wp-block-quote-is-layout-flow\">\n<p>The XYZ Doohickey Company was founded in 1971, and has been providing quality doohickeys to the public ever since. Located in Gotham City, XYZ employs over 2,000 people and does all kinds of awesome things for the Gotham community.<\/p>\n<\/blockquote>\n\n\n\n<p>As a new WordPress user, you should go to <a href=\"http:\/\/sonesencia.com\/wp-admin\/\">your dashboard<\/a> to delete this page and create new pages for your content. Have fun!<\/p>\n","protected":false},"excerpt":{"rendered":"<p>Esta es una p\u00e1gina de ejemplo. Es diferente de una publicaci\u00f3n de blog porque se quedar\u00e1 en un solo lugar y aparecer\u00e1 en la navegaci\u00f3n de su sitio (en la mayor\u00eda de los temas). La mayor\u00eda de las personas comienzan con una p\u00e1gina Acerca de que les presenta a los visitantes potenciales del sitio. Podr\u00eda [&hellip;]<\/p>\n","protected":false},"author":1,"featured_media":0,"parent":0,"menu_order":0,"comment_status":"closed","ping_status":"open","template":"","meta":{"footnotes":""},"class_list":["post-2","page","type-page","status-publish","hentry"],"_links":{"self":[{"href":"https:\/\/sonesencia.com\/index.php\/wp-json\/wp\/v2\/pages\/2","targetHints":{"allow":["GET"]}}],"collection":[{"href":"https:\/\/sonesencia.com\/index.php\/wp-json\/wp\/v2\/pages"}],"about":[{"href":"https:\/\/sonesencia.com\/index.php\/wp-json\/wp\/v2\/types\/page"}],"author":[{"embeddable":true,"href":"https:\/\/sonesencia.com\/index.php\/wp-json\/wp\/v2\/users\/1"}],"replies":[{"embeddable":true,"href":"https:\/\/sonesencia.com\/index.php\/wp-json\/wp\/v2\/comments?post=2"}],"version-history":[{"count":2,"href":"https:\/\/sonesencia.com\/index.php\/wp-json\/wp\/v2\/pages\/2\/revisions"}],"predecessor-version":[{"id":18,"href":"https:\/\/sonesencia.com\/index.php\/wp-json\/wp\/v2\/pages\/2\/revisions\/18"}],"wp:attachment":[{"href":"https:\/\/sonesencia.com\/index.php\/wp-json\/wp\/v2\/media?parent=2"}],"curies":[{"name":"wp","href":"https:\/\/api.w.org\/{rel}","templated":true}]}}